{"id":59,"date":"2018-06-01T06:14:05","date_gmt":"2018-06-01T06:14:05","guid":{"rendered":"http:\/\/www.musikundliteraturkreis-alpen.de\/wordpress\/?page_id=59"},"modified":"2024-10-23T09:56:48","modified_gmt":"2024-10-23T09:56:48","slug":"buecherei","status":"publish","type":"page","link":"https:\/\/www.musikundliteraturkreis-alpen.de\/wordpress\/?page_id=59","title":{"rendered":"B\u00fccherei"},"content":{"rendered":"<h4 style=\"text-align: left;\"><span style=\"color: #ff0000;\"><strong>\u00d6ffnungszeiten der B\u00fccherei Alpen\u00a0<\/strong><\/span><\/h4>\n<p>Die \u00d6ffnungszeiten der B\u00fccherei sind wie folgt:<br \/><strong>Montag\u00a0\u00a0\u00a0\u00a0\u00a0\u00a0\u00a0\u00a0\u00a0\u00a0\u00a0 15.00 Uhr bis 18.00 Uhr<\/strong><br \/><strong>Mittwoch\u00a0\u00a0\u00a0\u00a0\u00a0\u00a0\u00a0\u00a0 15.00 Uhr bis 17.00 Uhr<\/strong><br \/><strong>Freitag\u00a0\u00a0\u00a0\u00a0\u00a0\u00a0\u00a0\u00a0\u00a0\u00a0\u00a0\u00a0 10.00 Uhr bis 12.00 Uhr und 15.00 Uhr bis 17.00 Uhr<\/strong><br \/>\u00a0Das B\u00fcchereiteam freut sich, alle Leserinnen und Lesern zu den \u00d6ffnungszeiten in der B\u00fccherei begr\u00fc\u00dfen zu d\u00fcrfen.<\/p>\n<hr \/>\n<p>Mit \u00fcber 20 ehrenamtlichen Mitarbeiterinnen und Mitarbeitern, die j\u00e4hrlich rund 4.000 Helferstunden leisten, wurde die aus finanziellen Gr\u00fcnden zur Schlie\u00dfung anstehende Gemeindeb\u00fccherei \u00fcbernommen und weitergef\u00fchrt. Die B\u00fccherei mit ihrem engagierten Team ist zu Recht als eine &#8222;bleibende Erfolgsstory&#8220; bezeichnet worden. Sie verf\u00fcgt mittlerweile \u00fcber ca. 16.000 Medien.<\/p>\n<p><span style=\"font-size: medium;\"><b>\u00d6ffnungszeiten\u00a0<\/b><\/span><\/p>\n<div align=\"center\">\n<table style=\"height: 51px;\" width=\"388\">\n<tbody>\n<tr>\n<td width=\"150px\">Montag<\/td>\n<td>15:00 &#8211; 18:00<\/td>\n<\/tr>\n<tr>\n<td>Mittwoch<\/td>\n<td>15:00 &#8211; 17:00<\/td>\n<\/tr>\n<tr>\n<td>Freitag<\/td>\n<td>10:00 &#8211; 12:00 und 15:00 &#8211; 17:00<\/td>\n<\/tr>\n<tr>\n<td>Telefon:<\/td>\n<td>02802\/807062<\/td>\n<\/tr>\n<\/tbody>\n<\/table>\n<p><b>E-Mail: Buecherei.Alpen@yahoo.de<\/b><\/p>\n<\/div>\n<p>Die B\u00fccherei ist zum Regionalen Leihverkehr (Sigel 931) zugelassen und kann daher auch Werke aus anderen Bibliotheken besorgen.<\/p>\n<p>Leihgeb\u00fchren werden nicht erhoben, allerdings folgende Anmeldegeb\u00fchren:<\/p>\n<table width=\"459\">\n<tbody>\n<tr>\n<td width=\"372\">Erwachsene<\/td>\n<td width=\"77\">3,00 \u20ac<\/td>\n<\/tr>\n<tr>\n<td width=\"372\">Kinder bis zum vollendeten 14. Lebensjahr<\/td>\n<td width=\"77\">1,00 \u20ac<\/td>\n<\/tr>\n<tr>\n<td width=\"372\">Jugendliche, Studenten, Auszubildende und Rentner<\/td>\n<td width=\"77\">2,00 \u20ac<\/td>\n<\/tr>\n<\/tbody>\n<\/table>\n<p>Ebenfalls werden S\u00e4umnisgeb\u00fchren bei \u00dcberschreitung der Ausleihfrist erhoben. Die Benutzungs- und Geb\u00fchrenordnung erhalten Sie in der B\u00fccherei oder k\u00f6nnen Sie <a href=\"https:\/\/www.musikundliteraturkreis-alpen.de\/wordpress\/wp-content\/uploads\/2019\/10\/Benutzungs-und-Gebuehrenordnung-2013.pdf\">hier<\/a> einsehen. Einen Antrag auf Ausstellung eines Leserausweises erhalten Sie ebenfalls in der B\u00fccherei oder drucken ihn\u00a0<a href=\"https:\/\/www.musikundliteraturkreis-alpen.de\/wordpress\/wp-content\/uploads\/2018\/08\/Anmeldeformular-inkl.-Datenschutzerkl\u00e4rung.pdf\">hier<\/a> aus. F\u00fcllen Sie das Formular dann aus und bringen Sie es mit in die B\u00fccherei.<\/p>\n<p>Bilder der B\u00fccherei:<\/p>\n<p><a href=\"https:\/\/www.musikundliteraturkreis-alpen.de\/wordpress\/wp-content\/uploads\/2018\/08\/IMG-20120131-00012.jpg\"><img loading=\"lazy\" decoding=\"async\" class=\"alignleft size-medium wp-image-93\" src=\"https:\/\/www.musikundliteraturkreis-alpen.de\/wordpress\/wp-content\/uploads\/2018\/08\/IMG-20120131-00012-300x225.jpg\" alt=\"\" width=\"300\" height=\"225\" srcset=\"https:\/\/www.musikundliteraturkreis-alpen.de\/wordpress\/wp-content\/uploads\/2018\/08\/IMG-20120131-00012-300x225.jpg 300w, https:\/\/www.musikundliteraturkreis-alpen.de\/wordpress\/wp-content\/uploads\/2018\/08\/IMG-20120131-00012-768x576.jpg 768w, https:\/\/www.musikundliteraturkreis-alpen.de\/wordpress\/wp-content\/uploads\/2018\/08\/IMG-20120131-00012.jpg 1024w\" sizes=\"auto, (max-width: 300px) 100vw, 300px\" \/><\/a> <a href=\"https:\/\/www.musikundliteraturkreis-alpen.de\/wordpress\/wp-content\/uploads\/2018\/08\/IMG-20120131-00011.jpg\"><img loading=\"lazy\" decoding=\"async\" class=\"alignnone size-medium wp-image-92\" src=\"https:\/\/www.musikundliteraturkreis-alpen.de\/wordpress\/wp-content\/uploads\/2018\/08\/IMG-20120131-00011-300x225.jpg\" alt=\"\" width=\"300\" height=\"225\" srcset=\"https:\/\/www.musikundliteraturkreis-alpen.de\/wordpress\/wp-content\/uploads\/2018\/08\/IMG-20120131-00011-300x225.jpg 300w, https:\/\/www.musikundliteraturkreis-alpen.de\/wordpress\/wp-content\/uploads\/2018\/08\/IMG-20120131-00011-768x576.jpg 768w, https:\/\/www.musikundliteraturkreis-alpen.de\/wordpress\/wp-content\/uploads\/2018\/08\/IMG-20120131-00011.jpg 1024w\" sizes=\"auto, (max-width: 300px) 100vw, 300px\" \/><\/a> <a href=\"https:\/\/www.musikundliteraturkreis-alpen.de\/wordpress\/wp-content\/uploads\/2018\/08\/IMG-20120131-00009.jpg\"><img loading=\"lazy\" decoding=\"async\" class=\"aligncenter size-medium wp-image-91\" src=\"https:\/\/www.musikundliteraturkreis-alpen.de\/wordpress\/wp-content\/uploads\/2018\/08\/IMG-20120131-00009-300x225.jpg\" alt=\"\" width=\"300\" height=\"225\" srcset=\"https:\/\/www.musikundliteraturkreis-alpen.de\/wordpress\/wp-content\/uploads\/2018\/08\/IMG-20120131-00009-300x225.jpg 300w, https:\/\/www.musikundliteraturkreis-alpen.de\/wordpress\/wp-content\/uploads\/2018\/08\/IMG-20120131-00009-768x576.jpg 768w, https:\/\/www.musikundliteraturkreis-alpen.de\/wordpress\/wp-content\/uploads\/2018\/08\/IMG-20120131-00009.jpg 1024w\" sizes=\"auto, (max-width: 300px) 100vw, 300px\" \/><\/a><\/p>\n\n\n<p><\/p>\n","protected":false},"excerpt":{"rendered":"<p>\u00d6ffnungszeiten der B\u00fccherei Alpen\u00a0 Die \u00d6ffnungszeiten der B\u00fccherei sind wie folgt:Montag\u00a0\u00a0\u00a0\u00a0\u00a0\u00a0\u00a0\u00a0\u00a0\u00a0\u00a0 15.00 Uhr bis 18.00 UhrMittwoch\u00a0\u00a0\u00a0\u00a0\u00a0\u00a0\u00a0\u00a0 15.00 Uhr bis 17.00 UhrFreitag\u00a0\u00a0\u00a0\u00a0\u00a0\u00a0\u00a0\u00a0\u00a0\u00a0\u00a0\u00a0 10.00 Uhr bis 12.00 Uhr und 15.00 Uhr bis 17.00 Uhr\u00a0Das B\u00fcchereiteam freut sich, alle Leserinnen und Lesern zu &hellip; <a href=\"https:\/\/www.musikundliteraturkreis-alpen.de\/wordpress\/?page_id=59\">Weiterlesen <span class=\"meta-nav\">&rarr;<\/span><\/a><\/p>\n","protected":false},"author":1,"featured_media":0,"parent":0,"menu_order":0,"comment_status":"closed","ping_status":"closed","template":"","meta":{"footnotes":""},"class_list":["post-59","page","type-page","status-publish","hentry"],"_links":{"self":[{"href":"https:\/\/www.musikundliteraturkreis-alpen.de\/wordpress\/index.php?rest_route=\/wp\/v2\/pages\/59","targetHints":{"allow":["GET"]}}],"collection":[{"href":"https:\/\/www.musikundliteraturkreis-alpen.de\/wordpress\/index.php?rest_route=\/wp\/v2\/pages"}],"about":[{"href":"https:\/\/www.musikundliteraturkreis-alpen.de\/wordpress\/index.php?rest_route=\/wp\/v2\/types\/page"}],"author":[{"embeddable":true,"href":"https:\/\/www.musikundliteraturkreis-alpen.de\/wordpress\/index.php?rest_route=\/wp\/v2\/users\/1"}],"replies":[{"embeddable":true,"href":"https:\/\/www.musikundliteraturkreis-alpen.de\/wordpress\/index.php?rest_route=%2Fwp%2Fv2%2Fcomments&post=59"}],"version-history":[{"count":33,"href":"https:\/\/www.musikundliteraturkreis-alpen.de\/wordpress\/index.php?rest_route=\/wp\/v2\/pages\/59\/revisions"}],"predecessor-version":[{"id":584,"href":"https:\/\/www.musikundliteraturkreis-alpen.de\/wordpress\/index.php?rest_route=\/wp\/v2\/pages\/59\/revisions\/584"}],"wp:attachment":[{"href":"https:\/\/www.musikundliteraturkreis-alpen.de\/wordpress\/index.php?rest_route=%2Fwp%2Fv2%2Fmedia&parent=59"}],"curies":[{"name":"wp","href":"https:\/\/api.w.org\/{rel}","templated":true}]}}