{"id":66,"date":"2018-06-01T06:19:52","date_gmt":"2018-06-01T06:19:52","guid":{"rendered":"http:\/\/www.musikundliteraturkreis-alpen.de\/wordpress\/?page_id=66"},"modified":"2018-08-08T06:44:15","modified_gmt":"2018-08-08T06:44:15","slug":"impressum","status":"publish","type":"page","link":"https:\/\/www.musikundliteraturkreis-alpen.de\/wordpress\/?page_id=66","title":{"rendered":"Impressum"},"content":{"rendered":"<div class=\"entry-content\">\n<p>Dienstanbieter:<br \/>\nMusik- und Literaturkreis Alpen e. V.<\/p>\n<p>Verantwortlich f\u00fcr den Inhalt gem\u00e4\u00df \u00a7 10 Absatz 3 MDStV:<\/p>\n<p>Gesch\u00e4ftsf\u00fchrer<br \/>\nAndr\u00e9 Emmerichs<\/p>\n<p>Rathaustr. 5<br \/>\n46519 Alpen<br \/>\nTel.: 02802\/912120<\/p>\n<\/div>\n","protected":false},"excerpt":{"rendered":"<p>Dienstanbieter: Musik- und Literaturkreis Alpen e. V. Verantwortlich f\u00fcr den Inhalt gem\u00e4\u00df \u00a7 10 Absatz 3 MDStV: Gesch\u00e4ftsf\u00fchrer Andr\u00e9 Emmerichs Rathaustr. 5 46519 Alpen Tel.: 02802\/912120<\/p>\n","protected":false},"author":1,"featured_media":0,"parent":0,"menu_order":0,"comment_status":"closed","ping_status":"closed","template":"","meta":{"footnotes":""},"class_list":["post-66","page","type-page","status-publish","hentry"],"_links":{"self":[{"href":"https:\/\/www.musikundliteraturkreis-alpen.de\/wordpress\/index.php?rest_route=\/wp\/v2\/pages\/66","targetHints":{"allow":["GET"]}}],"collection":[{"href":"https:\/\/www.musikundliteraturkreis-alpen.de\/wordpress\/index.php?rest_route=\/wp\/v2\/pages"}],"about":[{"href":"https:\/\/www.musikundliteraturkreis-alpen.de\/wordpress\/index.php?rest_route=\/wp\/v2\/types\/page"}],"author":[{"embeddable":true,"href":"https:\/\/www.musikundliteraturkreis-alpen.de\/wordpress\/index.php?rest_route=\/wp\/v2\/users\/1"}],"replies":[{"embeddable":true,"href":"https:\/\/www.musikundliteraturkreis-alpen.de\/wordpress\/index.php?rest_route=%2Fwp%2Fv2%2Fcomments&post=66"}],"version-history":[{"count":2,"href":"https:\/\/www.musikundliteraturkreis-alpen.de\/wordpress\/index.php?rest_route=\/wp\/v2\/pages\/66\/revisions"}],"predecessor-version":[{"id":146,"href":"https:\/\/www.musikundliteraturkreis-alpen.de\/wordpress\/index.php?rest_route=\/wp\/v2\/pages\/66\/revisions\/146"}],"wp:attachment":[{"href":"https:\/\/www.musikundliteraturkreis-alpen.de\/wordpress\/index.php?rest_route=%2Fwp%2Fv2%2Fmedia&parent=66"}],"curies":[{"name":"wp","href":"https:\/\/api.w.org\/{rel}","templated":true}]}}