{"id":78,"date":"2018-06-01T06:45:02","date_gmt":"2018-06-01T06:45:02","guid":{"rendered":"http:\/\/www.musikundliteraturkreis-alpen.de\/wordpress\/?page_id=78"},"modified":"2023-01-30T11:29:51","modified_gmt":"2023-01-30T11:29:51","slug":"downloads","status":"publish","type":"page","link":"https:\/\/www.musikundliteraturkreis-alpen.de\/wordpress\/?page_id=78","title":{"rendered":"Downloads"},"content":{"rendered":"<p>Auf dieser Seite werden Ihnen diverse Dokumente zum Download zur Verf\u00fcgung gestellt:<\/p>\n<p><a href=\"https:\/\/www.musikundliteraturkreis-alpen.de\/wordpress\/wp-content\/uploads\/2018\/08\/Satzung-des-Musik-und-Literaturkreises-Alpen.pdf\">Satzung Musik- und Literaturkreis Alpen e. V.<\/a><br \/>\n<a href=\"https:\/\/www.musikundliteraturkreis-alpen.de\/wordpress\/wp-content\/uploads\/2018\/08\/Beitrittserklaerung-MLK-2018.pdf\">Beitrittserkl\u00e4rung Musik- und Literaturkreis Alpen e. V.<\/a><br \/>\n<a href=\"https:\/\/www.musikundliteraturkreis-alpen.de\/wordpress\/wp-content\/uploads\/2018\/08\/Datenschutzerkl\u00e4rung-MLK.pdf\">Datenschutzerkl\u00e4rung Musik- und Literaturkreis Alpen e. V.<\/a><br \/>\n<a href=\"https:\/\/www.musikundliteraturkreis-alpen.de\/wordpress\/wp-content\/uploads\/2018\/08\/SEPA-Lastschriftmandat.pdf\">SEPA-Lastschriftmandat<\/a><br \/>\n<a href=\"https:\/\/www.musikundliteraturkreis-alpen.de\/wordpress\/wp-content\/uploads\/2019\/10\/Benutzungs-und-Gebuehrenordnung-2013.pdf\">Benutzungs- und Geb\u00fchrenordnung<\/a><br \/>\n<a href=\"https:\/\/www.musikundliteraturkreis-alpen.de\/wordpress\/wp-content\/uploads\/2018\/08\/Anmeldeformular-B\u00fccherei.pdf\">Antrag auf Ausstellung eines Leseausweises B\u00fccherei<\/a><br \/>\n<a href=\"https:\/\/www.musikundliteraturkreis-alpen.de\/wordpress\/wp-content\/uploads\/2018\/08\/Datenschutzerkl\u00e4rung-B\u00fccherei.pdf\">Datenschutzerkl\u00e4rung B\u00fccherei<\/a><br \/>\n<a href=\"https:\/\/www.musikundliteraturkreis-alpen.de\/wordpress\/wp-content\/uploads\/2023\/01\/Einverstaendniserklaerung-zur-Aufnahme-in-den-Email_Verteiler.pdf\">Einverst\u00e4ndniserkl\u00e4rung zur Aufnahme in den Email-Verteiler<\/a><\/p>\n","protected":false},"excerpt":{"rendered":"<p>Auf dieser Seite werden Ihnen diverse Dokumente zum Download zur Verf\u00fcgung gestellt: Satzung Musik- und Literaturkreis Alpen e. V. Beitrittserkl\u00e4rung Musik- und Literaturkreis Alpen e. V. Datenschutzerkl\u00e4rung Musik- und Literaturkreis Alpen e. V. SEPA-Lastschriftmandat Benutzungs- und Geb\u00fchrenordnung Antrag auf Ausstellung &hellip; <a href=\"https:\/\/www.musikundliteraturkreis-alpen.de\/wordpress\/?page_id=78\">Weiterlesen <span class=\"meta-nav\">&rarr;<\/span><\/a><\/p>\n","protected":false},"author":1,"featured_media":0,"parent":0,"menu_order":0,"comment_status":"closed","ping_status":"closed","template":"","meta":{"footnotes":""},"class_list":["post-78","page","type-page","status-publish","hentry"],"_links":{"self":[{"href":"https:\/\/www.musikundliteraturkreis-alpen.de\/wordpress\/index.php?rest_route=\/wp\/v2\/pages\/78","targetHints":{"allow":["GET"]}}],"collection":[{"href":"https:\/\/www.musikundliteraturkreis-alpen.de\/wordpress\/index.php?rest_route=\/wp\/v2\/pages"}],"about":[{"href":"https:\/\/www.musikundliteraturkreis-alpen.de\/wordpress\/index.php?rest_route=\/wp\/v2\/types\/page"}],"author":[{"embeddable":true,"href":"https:\/\/www.musikundliteraturkreis-alpen.de\/wordpress\/index.php?rest_route=\/wp\/v2\/users\/1"}],"replies":[{"embeddable":true,"href":"https:\/\/www.musikundliteraturkreis-alpen.de\/wordpress\/index.php?rest_route=%2Fwp%2Fv2%2Fcomments&post=78"}],"version-history":[{"count":6,"href":"https:\/\/www.musikundliteraturkreis-alpen.de\/wordpress\/index.php?rest_route=\/wp\/v2\/pages\/78\/revisions"}],"predecessor-version":[{"id":407,"href":"https:\/\/www.musikundliteraturkreis-alpen.de\/wordpress\/index.php?rest_route=\/wp\/v2\/pages\/78\/revisions\/407"}],"wp:attachment":[{"href":"https:\/\/www.musikundliteraturkreis-alpen.de\/wordpress\/index.php?rest_route=%2Fwp%2Fv2%2Fmedia&parent=78"}],"curies":[{"name":"wp","href":"https:\/\/api.w.org\/{rel}","templated":true}]}}